{"id":19425,"date":"2023-12-04T12:39:32","date_gmt":"2023-12-04T12:39:32","guid":{"rendered":"https:\/\/ceramic.ceramicminiatures.com\/produktas\/mod-0321\/"},"modified":"2024-03-07T15:20:55","modified_gmt":"2024-03-07T15:20:55","slug":"mod-0321","status":"publish","type":"product","link":"https:\/\/ceramic.ceramicminiatures.com\/lt\/produktas\/mod-0321\/","title":{"rendered":"MOD 0321"},"content":{"rendered":"","protected":false},"excerpt":{"rendered":"<p>Rank\u0173 darbo i\u0161skirtinis molinis gaminys. Gamyboje naudojame lietuvi\u0161k\u0105 molio mas\u0119. Glaz\u016br\u0105 mums tiekia Lietuvos, Vokietijos, \u010cekijos gamintojai.<\/p>\n","protected":false},"featured_media":11678,"comment_status":"closed","ping_status":"open","template":"","meta":[],"product_brand":[],"product_cat":[23,464,495],"product_tag":[],"class_list":{"0":"post-19425","1":"product","2":"type-product","3":"status-publish","4":"has-post-thumbnail","6":"product_cat-kolekcijos-pagal-sali","7":"product_cat-vokietija","8":"product_cat-dreiech-kolekcija","10":"first","11":"instock","12":"taxable","13":"shipping-taxable","14":"purchasable","15":"product-type-simple"},"yoast_head":"<!-- This site is optimized with the Yoast SEO Premium plugin v23.5 (Yoast SEO v23.5) - https:\/\/yoast.com\/wordpress\/plugins\/seo\/ -->\n<title>MOD 0321 - UAB Mini keramika<\/title>\n<meta name=\"robots\" content=\"index, follow, max-snippet:-1, max-image-preview:large, max-video-preview:-1\" \/>\n<link rel=\"canonical\" href=\"https:\/\/ceramic.ceramicminiatures.com\/lt\/produktas\/mod-0321\/\" \/>\n<meta property=\"og:locale\" content=\"lt_LT\" \/>\n<meta property=\"og:type\" content=\"article\" \/>\n<meta property=\"og:title\" content=\"MOD 0321\" \/>\n<meta property=\"og:description\" content=\"Rank\u0173 darbo i\u0161skirtinis molinis gaminys. Gamyboje naudojame lietuvi\u0161k\u0105 molio mas\u0119. Glaz\u016br\u0105 mums tiekia Lietuvos, Vokietijos, \u010cekijos gamintojai.\" \/>\n<meta property=\"og:url\" content=\"https:\/\/ceramic.ceramicminiatures.com\/lt\/produktas\/mod-0321\/\" \/>\n<meta property=\"og:site_name\" content=\"UAB Mini keramika\" \/>\n<meta property=\"article:publisher\" content=\"https:\/\/www.facebook.com\/Minikeramika\/?locale=lt_LT\" \/>\n<meta property=\"article:modified_time\" content=\"2024-03-07T15:20:55+00:00\" \/>\n<meta property=\"og:image\" content=\"https:\/\/ceramic.ceramicminiatures.com\/wp-content\/uploads\/2023\/04\/mod_321-scaled.jpg\" \/>\n\t<meta property=\"og:image:width\" content=\"2560\" \/>\n\t<meta property=\"og:image:height\" content=\"1707\" \/>\n\t<meta property=\"og:image:type\" content=\"image\/jpeg\" \/>\n<meta name=\"twitter:card\" content=\"summary_large_image\" \/>\n<script type=\"application\/ld+json\" class=\"yoast-schema-graph\">{\"@context\":\"https:\/\/schema.org\",\"@graph\":[{\"@type\":\"WebPage\",\"@id\":\"https:\/\/ceramic.ceramicminiatures.com\/lt\/produktas\/mod-0321\/\",\"url\":\"https:\/\/ceramic.ceramicminiatures.com\/lt\/produktas\/mod-0321\/\",\"name\":\"MOD 0321 - UAB Mini keramika\",\"isPartOf\":{\"@id\":\"https:\/\/ceramic.ceramicminiatures.com\/lt\/#website\"},\"primaryImageOfPage\":{\"@id\":\"https:\/\/ceramic.ceramicminiatures.com\/lt\/produktas\/mod-0321\/#primaryimage\"},\"image\":{\"@id\":\"https:\/\/ceramic.ceramicminiatures.com\/lt\/produktas\/mod-0321\/#primaryimage\"},\"thumbnailUrl\":\"https:\/\/ceramic.ceramicminiatures.com\/wp-content\/uploads\/2023\/04\/mod_321-scaled.jpg\",\"datePublished\":\"2023-12-04T12:39:32+00:00\",\"dateModified\":\"2024-03-07T15:20:55+00:00\",\"breadcrumb\":{\"@id\":\"https:\/\/ceramic.ceramicminiatures.com\/lt\/produktas\/mod-0321\/#breadcrumb\"},\"inLanguage\":\"lt-LT\",\"potentialAction\":[{\"@type\":\"ReadAction\",\"target\":[\"https:\/\/ceramic.ceramicminiatures.com\/lt\/produktas\/mod-0321\/\"]}]},{\"@type\":\"ImageObject\",\"inLanguage\":\"lt-LT\",\"@id\":\"https:\/\/ceramic.ceramicminiatures.com\/lt\/produktas\/mod-0321\/#primaryimage\",\"url\":\"https:\/\/ceramic.ceramicminiatures.com\/wp-content\/uploads\/2023\/04\/mod_321-scaled.jpg\",\"contentUrl\":\"https:\/\/ceramic.ceramicminiatures.com\/wp-content\/uploads\/2023\/04\/mod_321-scaled.jpg\",\"width\":2560,\"height\":1707},{\"@type\":\"BreadcrumbList\",\"@id\":\"https:\/\/ceramic.ceramicminiatures.com\/lt\/produktas\/mod-0321\/#breadcrumb\",\"itemListElement\":[{\"@type\":\"ListItem\",\"position\":1,\"name\":\"Home\",\"item\":\"https:\/\/ceramic.ceramicminiatures.com\/lt\/\"},{\"@type\":\"ListItem\",\"position\":2,\"name\":\"Produktai\",\"item\":\"https:\/\/ceramic.ceramicminiatures.com\/lt\/shop\/\"},{\"@type\":\"ListItem\",\"position\":3,\"name\":\"MOD 0321\"}]},{\"@type\":\"WebSite\",\"@id\":\"https:\/\/ceramic.ceramicminiatures.com\/lt\/#website\",\"url\":\"https:\/\/ceramic.ceramicminiatures.com\/lt\/\",\"name\":\"Mini keramika\",\"description\":\"Keramikiniai nameliai | \u017evakid\u0117s\",\"publisher\":{\"@id\":\"https:\/\/ceramic.ceramicminiatures.com\/lt\/#organization\"},\"potentialAction\":[{\"@type\":\"SearchAction\",\"target\":{\"@type\":\"EntryPoint\",\"urlTemplate\":\"https:\/\/ceramic.ceramicminiatures.com\/lt\/?s={search_term_string}\"},\"query-input\":{\"@type\":\"PropertyValueSpecification\",\"valueRequired\":true,\"valueName\":\"search_term_string\"}}],\"inLanguage\":\"lt-LT\"},{\"@type\":\"Organization\",\"@id\":\"https:\/\/ceramic.ceramicminiatures.com\/lt\/#organization\",\"name\":\"UAB Mini keramika\",\"url\":\"https:\/\/ceramic.ceramicminiatures.com\/lt\/\",\"logo\":{\"@type\":\"ImageObject\",\"inLanguage\":\"lt-LT\",\"@id\":\"https:\/\/ceramic.ceramicminiatures.com\/lt\/#\/schema\/logo\/image\/\",\"url\":\"https:\/\/ceramic.ceramicminiatures.com\/wp-content\/uploads\/2022\/07\/cropped-Minikeramika-logo-fin-01.png\",\"contentUrl\":\"https:\/\/ceramic.ceramicminiatures.com\/wp-content\/uploads\/2022\/07\/cropped-Minikeramika-logo-fin-01.png\",\"width\":684,\"height\":568,\"caption\":\"UAB Mini keramika\"},\"image\":{\"@id\":\"https:\/\/ceramic.ceramicminiatures.com\/lt\/#\/schema\/logo\/image\/\"},\"sameAs\":[\"https:\/\/www.facebook.com\/Minikeramika\/?locale=lt_LT\",\"https:\/\/www.instagram.com\/mini_keramika\"]}]}<\/script>\n<!-- \/ Yoast SEO Premium plugin. -->","yoast_head_json":{"title":"MOD 0321 - UAB Mini keramika","robots":{"index":"index","follow":"follow","max-snippet":"max-snippet:-1","max-image-preview":"max-image-preview:large","max-video-preview":"max-video-preview:-1"},"canonical":"https:\/\/ceramic.ceramicminiatures.com\/lt\/produktas\/mod-0321\/","og_locale":"lt_LT","og_type":"article","og_title":"MOD 0321","og_description":"Rank\u0173 darbo i\u0161skirtinis molinis gaminys. Gamyboje naudojame lietuvi\u0161k\u0105 molio mas\u0119. Glaz\u016br\u0105 mums tiekia Lietuvos, Vokietijos, \u010cekijos gamintojai.","og_url":"https:\/\/ceramic.ceramicminiatures.com\/lt\/produktas\/mod-0321\/","og_site_name":"UAB Mini keramika","article_publisher":"https:\/\/www.facebook.com\/Minikeramika\/?locale=lt_LT","article_modified_time":"2024-03-07T15:20:55+00:00","og_image":[{"width":2560,"height":1707,"url":"https:\/\/ceramic.ceramicminiatures.com\/wp-content\/uploads\/2023\/04\/mod_321-scaled.jpg","type":"image\/jpeg"}],"twitter_card":"summary_large_image","schema":{"@context":"https:\/\/schema.org","@graph":[{"@type":"WebPage","@id":"https:\/\/ceramic.ceramicminiatures.com\/lt\/produktas\/mod-0321\/","url":"https:\/\/ceramic.ceramicminiatures.com\/lt\/produktas\/mod-0321\/","name":"MOD 0321 - UAB Mini keramika","isPartOf":{"@id":"https:\/\/ceramic.ceramicminiatures.com\/lt\/#website"},"primaryImageOfPage":{"@id":"https:\/\/ceramic.ceramicminiatures.com\/lt\/produktas\/mod-0321\/#primaryimage"},"image":{"@id":"https:\/\/ceramic.ceramicminiatures.com\/lt\/produktas\/mod-0321\/#primaryimage"},"thumbnailUrl":"https:\/\/ceramic.ceramicminiatures.com\/wp-content\/uploads\/2023\/04\/mod_321-scaled.jpg","datePublished":"2023-12-04T12:39:32+00:00","dateModified":"2024-03-07T15:20:55+00:00","breadcrumb":{"@id":"https:\/\/ceramic.ceramicminiatures.com\/lt\/produktas\/mod-0321\/#breadcrumb"},"inLanguage":"lt-LT","potentialAction":[{"@type":"ReadAction","target":["https:\/\/ceramic.ceramicminiatures.com\/lt\/produktas\/mod-0321\/"]}]},{"@type":"ImageObject","inLanguage":"lt-LT","@id":"https:\/\/ceramic.ceramicminiatures.com\/lt\/produktas\/mod-0321\/#primaryimage","url":"https:\/\/ceramic.ceramicminiatures.com\/wp-content\/uploads\/2023\/04\/mod_321-scaled.jpg","contentUrl":"https:\/\/ceramic.ceramicminiatures.com\/wp-content\/uploads\/2023\/04\/mod_321-scaled.jpg","width":2560,"height":1707},{"@type":"BreadcrumbList","@id":"https:\/\/ceramic.ceramicminiatures.com\/lt\/produktas\/mod-0321\/#breadcrumb","itemListElement":[{"@type":"ListItem","position":1,"name":"Home","item":"https:\/\/ceramic.ceramicminiatures.com\/lt\/"},{"@type":"ListItem","position":2,"name":"Produktai","item":"https:\/\/ceramic.ceramicminiatures.com\/lt\/shop\/"},{"@type":"ListItem","position":3,"name":"MOD 0321"}]},{"@type":"WebSite","@id":"https:\/\/ceramic.ceramicminiatures.com\/lt\/#website","url":"https:\/\/ceramic.ceramicminiatures.com\/lt\/","name":"Mini keramika","description":"Keramikiniai nameliai | \u017evakid\u0117s","publisher":{"@id":"https:\/\/ceramic.ceramicminiatures.com\/lt\/#organization"},"potentialAction":[{"@type":"SearchAction","target":{"@type":"EntryPoint","urlTemplate":"https:\/\/ceramic.ceramicminiatures.com\/lt\/?s={search_term_string}"},"query-input":{"@type":"PropertyValueSpecification","valueRequired":true,"valueName":"search_term_string"}}],"inLanguage":"lt-LT"},{"@type":"Organization","@id":"https:\/\/ceramic.ceramicminiatures.com\/lt\/#organization","name":"UAB Mini keramika","url":"https:\/\/ceramic.ceramicminiatures.com\/lt\/","logo":{"@type":"ImageObject","inLanguage":"lt-LT","@id":"https:\/\/ceramic.ceramicminiatures.com\/lt\/#\/schema\/logo\/image\/","url":"https:\/\/ceramic.ceramicminiatures.com\/wp-content\/uploads\/2022\/07\/cropped-Minikeramika-logo-fin-01.png","contentUrl":"https:\/\/ceramic.ceramicminiatures.com\/wp-content\/uploads\/2022\/07\/cropped-Minikeramika-logo-fin-01.png","width":684,"height":568,"caption":"UAB Mini keramika"},"image":{"@id":"https:\/\/ceramic.ceramicminiatures.com\/lt\/#\/schema\/logo\/image\/"},"sameAs":["https:\/\/www.facebook.com\/Minikeramika\/?locale=lt_LT","https:\/\/www.instagram.com\/mini_keramika"]}]}},"_links":{"self":[{"href":"https:\/\/ceramic.ceramicminiatures.com\/lt\/wp-json\/wp\/v2\/product\/19425"}],"collection":[{"href":"https:\/\/ceramic.ceramicminiatures.com\/lt\/wp-json\/wp\/v2\/product"}],"about":[{"href":"https:\/\/ceramic.ceramicminiatures.com\/lt\/wp-json\/wp\/v2\/types\/product"}],"replies":[{"embeddable":true,"href":"https:\/\/ceramic.ceramicminiatures.com\/lt\/wp-json\/wp\/v2\/comments?post=19425"}],"wp:featuredmedia":[{"embeddable":true,"href":"https:\/\/ceramic.ceramicminiatures.com\/lt\/wp-json\/wp\/v2\/media\/11678"}],"wp:attachment":[{"href":"https:\/\/ceramic.ceramicminiatures.com\/lt\/wp-json\/wp\/v2\/media?parent=19425"}],"wp:term":[{"taxonomy":"product_brand","embeddable":true,"href":"https:\/\/ceramic.ceramicminiatures.com\/lt\/wp-json\/wp\/v2\/product_brand?post=19425"},{"taxonomy":"product_cat","embeddable":true,"href":"https:\/\/ceramic.ceramicminiatures.com\/lt\/wp-json\/wp\/v2\/product_cat?post=19425"},{"taxonomy":"product_tag","embeddable":true,"href":"https:\/\/ceramic.ceramicminiatures.com\/lt\/wp-json\/wp\/v2\/product_tag?post=19425"}],"curies":[{"name":"wp","href":"https:\/\/api.w.org\/{rel}","templated":true}]}}